{"id":18793,"date":"2020-03-30T10:44:27","date_gmt":"2020-03-30T09:44:27","guid":{"rendered":"https:\/\/www.vinispi.com\/designations\/"},"modified":"2024-04-08T14:48:49","modified_gmt":"2024-04-08T13:48:49","slug":"designations","status":"publish","type":"page","link":"https:\/\/www.vinispi.com\/en\/designations\/","title":{"rendered":"Designations"},"content":{"rendered":"<div class=\"wpb-content-wrapper\"><p>[vc_row][vc_column width=&#8221;2\/3&#8243;][vc_column_text]In this guide, you&#8217;ll find a detailed description of all the appellations, classified by region. For each appellation, you&#8217;ll find a detailed presentation, as well as a list of the wines rated highest by the Twil community.[\/vc_column_text][vc_column_text]<\/p>\n<h2>Alsace<\/h2>\n<p>[\/vc_column_text][vc_empty_space][vc_basic_grid post_type=&#8221;ids&#8221; element_width=&#8221;6&#8243; item=&#8221;1199&#8243; grid_id=&#8221;vc_gid:1591084948041-54b6d8d8-3c99-5&#8243; include=&#8221;2204, 2214, 2235, 2194&#8243;][vc_empty_space][vc_empty_space][vc_column_text]<\/p>\n<h2>Beaujolais and Lyonnais<\/h2>\n<p>[\/vc_column_text][vc_empty_space][vc_basic_grid post_type=&#8221;ids&#8221; element_width=&#8221;6&#8243; item=&#8221;1199&#8243; grid_id=&#8221;vc_gid:1591084948042-6a115c35-22a5-10&#8243; include=&#8221;2334, 2330, 2172, 2164&#8243;][vc_empty_space]<div class='text-center'><div class='block_list_appellation'><ul><li><a href=https:\/\/www.vinispi.com\/en\/aoc-beaujolais-villages-wine\/>AOC Beaujolais-Villages wine<\/a><\/li><li><a href=https:\/\/www.vinispi.com\/en\/chenas-cru-du-beaujolais\/>Ch\u00e9nas, Cru du Beaujolais<\/a><\/li><li><a href=https:\/\/www.vinispi.com\/en\/fleurie-cru-du-beaujolais\/>Fleurie, Cru du Beaujolais<\/a><\/li><li><a href=https:\/\/www.vinispi.com\/en\/moulin-a-vent-cru-du-beaujolais\/>Moulin-\u00e0-Vent, Cru du Beaujolais<\/a><\/li><\/ul><ul><li><a href=https:\/\/www.vinispi.com\/en\/beaujolais-aoc-wine\/>Beaujolais AOC wine<\/a><\/li><li><a href=https:\/\/www.vinispi.com\/en\/chiroubles-cru-du-beaujolais\/>Chiroubles, Cru du Beaujolais<\/a><\/li><li><a href=https:\/\/www.vinispi.com\/en\/julienas-cru-du-beaujolais\/>Juli\u00e9nas, Cru du Beaujolais<\/a><\/li><li><a href=https:\/\/www.vinispi.com\/en\/regnie-beaujolais-cru\/>R\u00e9gni\u00e9, Beaujolais Cru<\/a><\/li><\/ul><ul><li><a href=https:\/\/www.vinispi.com\/en\/brouilly-cru-du-beaujolais\/>Brouilly, Cru du Beaujolais<\/a><\/li><li><a href=https:\/\/www.vinispi.com\/en\/cote-de-brouilly-cru-du-beaujolais\/>C\u00f4te-de-Brouilly, Cru du Beaujolais<\/a><\/li><li><a href=https:\/\/www.vinispi.com\/en\/morgon-cru-du-beaujolais\/>Morgon, Cru du Beaujolais<\/a><\/li><li><a href=https:\/\/www.vinispi.com\/en\/saint-amour-cru-du-beaujolais\/>Saint-Amour, Cru du Beaujolais<\/a><\/li><\/ul><\/div><button class=button_list_appellation>Voir toutes les appellations <\/button><\/div>[vc_empty_space][vc_column_text]<\/p>\n<h2>Bordeaux<\/h2>\n<p>[\/vc_column_text][vc_empty_space][vc_basic_grid post_type=&#8221;ids&#8221; element_width=&#8221;6&#8243; item=&#8221;1199&#8243; grid_id=&#8221;vc_gid:1591084948043-58b1b68e-9e44-7&#8243; include=&#8221;2540, 2558, 2634, 2597&#8243;][vc_empty_space]<div class='text-center'><div class='block_list_appellation'><ul><li><a href=https:\/\/www.vinispi.com\/en\/aoc-bordeaux-cotes-de-francs\/>AOC Bordeaux-C\u00f4tes-de-Francs<\/a><\/li><li><a href=https:\/\/www.vinispi.com\/en\/aoc-cote-de-blaye-bordeaux-wine\/>AOC C\u00f4te-de-Blaye, Bordeaux wine<\/a><\/li><li><a href=https:\/\/www.vinispi.com\/en\/aoc-fronsac-bordeaux-wine\/>AOC Fronsac, Bordeaux wine<\/a><\/li><li><a href=https:\/\/www.vinispi.com\/en\/chateaux-of-pauillac\/>Ch\u00e2teaux of Pauillac<\/a><\/li><li><a href=https:\/\/www.vinispi.com\/en\/lalande-de-pomerol-bordeaux-wine\/>Lalande-de-Pomerol, Bordeaux wine<\/a><\/li><li><a href=https:\/\/www.vinispi.com\/en\/margaux-red-wines\/>Margaux red wines<\/a><\/li><li><a href=https:\/\/www.vinispi.com\/en\/pauillac-bordeaux-red-wine\/>Pauillac, Bordeaux red wine<\/a><\/li><li><a href=https:\/\/www.vinispi.com\/en\/saint-emilion-bordeaux-red-wine\/>Saint-\u00c9milion, Bordeaux red wine<\/a><\/li><li><a href=https:\/\/www.vinispi.com\/en\/sauternes-bordeaux-white-wine\/>Sauternes, Bordeaux white wine<\/a><\/li><\/ul><ul><li><a href=https:\/\/www.vinispi.com\/en\/aoc-cadillac-bordeaux-wine\/>AOC Cadillac, Bordeaux wine<\/a><\/li><li><a href=https:\/\/www.vinispi.com\/en\/aoc-cote-de-bourg-bordeaux-wine\/>AOC C\u00f4te-de-Bourg, Bordeaux wine<\/a><\/li><li><a href=https:\/\/www.vinispi.com\/en\/aoc-loupiac-bordeaux-wine\/>AOC Loupiac, Bordeaux wine<\/a><\/li><li><a href=https:\/\/www.vinispi.com\/en\/entre-deux-mers-bordeaux-white-wine\/>Entre-deux-mers, Bordeaux white wine<\/a><\/li><li><a href=https:\/\/www.vinispi.com\/en\/listrac-medoc-bordeaux-wine\/>Listrac-M\u00e9doc, Bordeaux wine<\/a><\/li><li><a href=https:\/\/www.vinispi.com\/en\/margaux-bordeaux-red-wine\/>Margaux, Bordeaux red wine<\/a><\/li><li><a href=https:\/\/www.vinispi.com\/en\/pomerol-bordeaux-red-wine\/>Pomerol, Bordeaux red wine<\/a><\/li><li><a href=https:\/\/www.vinispi.com\/en\/saint-estephe-bordeaux-red-wine\/>Saint-Est\u00e8phe, Bordeaux red wine<\/a><\/li><li><a href=https:\/\/www.vinispi.com\/en\/the-chateaux-of-lalande-de-pomerol\/>The ch\u00e2teaux of Lalande-de-pomerol<\/a><\/li><\/ul><ul><li><a href=https:\/\/www.vinispi.com\/en\/aoc-canon-fronsac-bordeaux-wine\/>AOC Canon-Fronsac, Bordeaux wine<\/a><\/li><li><a href=https:\/\/www.vinispi.com\/en\/aoc-cotes-de-bordeaux-bordeaux-wine\/>AOC C\u00f4tes-de-Bordeaux, Bordeaux wine<\/a><\/li><li><a href=https:\/\/www.vinispi.com\/en\/aoc-puisseguin-saint-emilion\/>AOC Puisseguin-Saint-\u00c9milion<\/a><\/li><li><a href=https:\/\/www.vinispi.com\/en\/haut-medoc-bordeaux-wine\/>Haut-M\u00e9doc, Bordeaux wine<\/a><\/li><li><a href=https:\/\/www.vinispi.com\/en\/lussac-saint-emilion-bordeaux-wines\/>Lussac-Saint-\u00c9milion, Bordeaux wines<\/a><\/li><li><a href=https:\/\/www.vinispi.com\/en\/medoc-bordeaux-red-wine\/>M\u00e9doc, Bordeaux red wine<\/a><\/li><li><a href=https:\/\/www.vinispi.com\/en\/saint-emilion-grand-cru\/>Saint-\u00c9milion-Grand-Cru<\/a><\/li><li><a href=https:\/\/www.vinispi.com\/en\/saint-julien-bordeaux-red-wine\/>Saint-Julien, Bordeaux red wine<\/a><\/li><li><a href=https:\/\/www.vinispi.com\/en\/what-are-bordeauxs-best-known-appellations\/>What are Bordeaux&#8217;s best-known appellations?<\/a><\/li><\/ul><\/div><button class=button_list_appellation>Voir toutes les appellations <\/button><\/div>[vc_empty_space][\/vc_column][vc_column width=&#8221;1\/3&#8243; disable_custom_paddings_tablet=&#8221;true&#8221; disable_custom_paddings_mobile=&#8221;true&#8221; css=&#8221;.vc_custom_1587717846209{padding-right: 0px !important;padding-left: 80px !important;}&#8221;][vc_column_text]<strong>Contents<\/strong>[\/vc_column_text]            <div id=\"shortcode_index_title\">\n                <div id=\"shortcode_index_titles\" style=\"display:none\">\n                <\/div>\n            <\/div>[vc_empty_space][vc_column_text]<\/p>\n<h2 class=\"title-h5\">Vineyard map of France<\/h2>\n<p>[\/vc_column_text]<a style='position: relative;' class=\"image-popup-vertical-fit\" href='https:\/\/www.vinispi.com\/wp-content\/uploads\/2020\/04\/carte-grand-format-detaillee.jpg' title=\"Carte des vignobles de France\">\n                <img src='https:\/\/www.vinispi.com\/wp-content\/uploads\/2020\/04\/carte-petit-format-apercu.jpg' width=\"300\" height=\"300\"><div class='button-zoom'>+<\/div>\n                <\/a>[vc_empty_space][\/vc_column][\/vc_row][vc_row][vc_column width=&#8221;2\/3&#8243;][vc_empty_space][\/vc_column][vc_column width=&#8221;1\/3&#8243; disable_custom_paddings_tablet=&#8221;true&#8221; disable_custom_paddings_mobile=&#8221;true&#8221; css=&#8221;.vc_custom_1587717865191{padding-right: 0px !important;padding-left: 80px !important;}&#8221;][\/vc_column][\/vc_row][vc_row][vc_column width=&#8221;2\/3&#8243;][vc_column_text]<\/p>\n<h2>Burgundy<\/h2>\n<p>[\/vc_column_text][vc_empty_space][vc_basic_grid post_type=&#8221;ids&#8221; element_width=&#8221;6&#8243; item=&#8221;1199&#8243; grid_id=&#8221;vc_gid:1591084948052-b64c9a38-2da2-3&#8243; include=&#8221;2346, 2336, 2277, 3413&#8243;][vc_empty_space]<div class='text-center'><div class='block_list_appellation'><ul><li><a href=https:\/\/www.vinispi.com\/en\/aloxe-corton-burgundy-wine\/>Aloxe-Corton, Burgundy wine<\/a><\/li><li><a href=https:\/\/www.vinispi.com\/en\/aoc-givry-premier-cru\/>AOC Givry Premier Cru<\/a><\/li><li><a href=https:\/\/www.vinispi.com\/en\/bourgogne-aligote-dry\/>Bourgogne aligot\u00e9 dry<\/a><\/li><li><a href=https:\/\/www.vinispi.com\/en\/chassagne-montrachet-white-wines\/>Chassagne-Montrachet white wines<\/a><\/li><li><a href=https:\/\/www.vinispi.com\/en\/cote-de-beaune-burgundy-wine\/>C\u00f4te-de-Beaune, Burgundy wine<\/a><\/li><li><a href=https:\/\/www.vinispi.com\/en\/irancy-2017\/>Irancy 2017<\/a><\/li><li><a href=https:\/\/www.vinispi.com\/en\/mercurey-burgundy-wine\/>Mercurey, Burgundy wine<\/a><\/li><li><a href=https:\/\/www.vinispi.com\/en\/pernand-vergelesse-1er-cru\/>Pernand Vergelesse 1er Cru<\/a><\/li><li><a href=https:\/\/www.vinispi.com\/en\/pouilly-fuisse-pairings\/>Pouilly-fuiss\u00e9 pairings<\/a><\/li><li><a href=https:\/\/www.vinispi.com\/en\/rully-premier-cru\/>Rully Premier Cru<\/a><\/li><li><a href=https:\/\/www.vinispi.com\/en\/the-pernand-vergelesses-agreements\/>The Pernand Vergelesses agreements<\/a><\/li><li><a href=https:\/\/www.vinispi.com\/en\/volnay-burgundy-wine\/>Volnay, Burgundy wine<\/a><\/li><\/ul><ul><li><a href=https:\/\/www.vinispi.com\/en\/aoc-bourgogne-hautes-cotes-de-nuits\/>AOC Bourgogne-Hautes-C\u00f4tes-de-Nuits<\/a><\/li><li><a href=https:\/\/www.vinispi.com\/en\/aoc-santenay\/>AOC Santenay<\/a><\/li><li><a href=https:\/\/www.vinispi.com\/en\/bourgogne-aligote-burgundy-white-wine\/>Bourgogne-Aligot\u00e9, Burgundy white wine<\/a><\/li><li><a href=https:\/\/www.vinispi.com\/en\/chassagne-montrachet-burgundy-wine\/>Chassagne-Montrachet, Burgundy wine<\/a><\/li><li><a href=https:\/\/www.vinispi.com\/en\/fixin-1er-cru-little-known-pearls-of-the-cote-de-nuit\/>Fixin 1er Cru: Little-known pearls of the C\u00f4te de Nuit<\/a><\/li><li><a href=https:\/\/www.vinispi.com\/en\/ladoix-white-wines-elegant-and-tasty\/>Ladoix white wines, elegant and tasty<\/a><\/li><li><a href=https:\/\/www.vinispi.com\/en\/meursault-burgundy-white-wine\/>Meursault, Burgundy white wine<\/a><\/li><li><a href=https:\/\/www.vinispi.com\/en\/pommard-red-wines\/>Pommard red wines<\/a><\/li><li><a href=https:\/\/www.vinispi.com\/en\/pouilly-fuisse-burgundy-white-wine\/>Pouilly-Fuiss\u00e9, Burgundy white wine<\/a><\/li><li><a href=https:\/\/www.vinispi.com\/en\/savigny-les-beaune-1er-cru\/>Savigny-l\u00e8s-Beaune 1er Cru<\/a><\/li><li><a href=https:\/\/www.vinispi.com\/en\/vire-clesse-2018\/>Vir\u00e9-Cless\u00e9 2018<\/a><\/li><li><a href=https:\/\/www.vinispi.com\/en\/vosne-romanee-burgundy-wine\/>Vosne-Roman\u00e9e, Burgundy wine<\/a><\/li><\/ul><ul><li><a href=https:\/\/www.vinispi.com\/en\/aoc-cotes-de-beaune-villages\/>AOC C\u00f4tes-de-beaune-villages<\/a><\/li><li><a href=https:\/\/www.vinispi.com\/en\/aoc-santenay-red-wines\/>AOC Santenay red wines<\/a><\/li><li><a href=https:\/\/www.vinispi.com\/en\/chablis-and-grand-auxerrois\/>Chablis and Grand Auxerrois<\/a><\/li><li><a href=https:\/\/www.vinispi.com\/en\/clos-de-vougeot-burgundy-wine\/>Clos-de-Vougeot, Burgundy wine<\/a><\/li><li><a href=https:\/\/www.vinispi.com\/en\/gevrey-chambertin-burgundy-wine\/>Gevrey-Chambertin, Burgundy wine<\/a><\/li><li><a href=https:\/\/www.vinispi.com\/en\/mercurey-organic-wines\/>Mercurey organic wines<\/a><\/li><li><a href=https:\/\/www.vinispi.com\/en\/nuits-saint-georges-burgundy-wine\/>Nuits-Saint-Georges, Burgundy wine<\/a><\/li><li><a href=https:\/\/www.vinispi.com\/en\/pommard-burgundy-red-wine\/>Pommard, Burgundy red wine<\/a><\/li><li><a href=https:\/\/www.vinispi.com\/en\/pouilly-loche-burgundy-wine\/>Pouilly-Loch\u00e9, Burgundy wine<\/a><\/li><li><a href=https:\/\/www.vinispi.com\/en\/savigny-les-beaune-2017\/>Savigny-L\u00e8s-Beaune 2017<\/a><\/li><li><a href=https:\/\/www.vinispi.com\/en\/vire-clesse-grape-varieties\/>Vir\u00e9-Cless\u00e9 grape varieties<\/a><\/li><li><a href=https:\/\/www.vinispi.com\/en\/vougeot-burgundy-wine\/>Vougeot, Burgundy wine<\/a><\/li><\/ul><\/div><button class=button_list_appellation>Voir toutes les appellations <\/button><\/div>[\/vc_column][vc_column width=&#8221;1\/3&#8243; disable_custom_paddings_tablet=&#8221;true&#8221; disable_custom_paddings_mobile=&#8221;true&#8221; css=&#8221;.vc_custom_1587717880301{padding-right: 0px !important;padding-left: 80px !important;}&#8221;][\/vc_column][\/vc_row][vc_row][vc_column width=&#8221;2\/3&#8243;][\/vc_column][vc_column width=&#8221;1\/3&#8243; disable_custom_paddings_tablet=&#8221;true&#8221; disable_custom_paddings_mobile=&#8221;true&#8221; css=&#8221;.vc_custom_1587717914560{padding-right: 0px !important;padding-left: 80px !important;}&#8221;][\/vc_column][\/vc_row][vc_row][vc_column width=&#8221;2\/3&#8243;][vc_column_text]<\/p>\n<h2>Languedoc-Roussillon<\/h2>\n<p>[\/vc_column_text][vc_empty_space][vc_basic_grid post_type=&#8221;ids&#8221; element_width=&#8221;6&#8243; item=&#8221;1199&#8243; grid_id=&#8221;vc_gid:1591084948055-f4ddbcd9-20b1-7&#8243; include=&#8221;2741, 2747, 2722, 2736&#8243;][vc_empty_space]<div class='text-center'><div class='block_list_appellation'><ul><li><a href=https:\/\/www.vinispi.com\/en\/cotes-du-roussillon-villages\/>C\u00f4tes du Roussillon Villages<\/a><\/li><\/ul><ul><li><a href=https:\/\/www.vinispi.com\/en\/picpoul-de-pinet-languedoc-aoc\/>Picpoul de Pinet, Languedoc AOC<\/a><\/li><\/ul><ul><\/ul><\/div><button class=button_list_appellation>Voir toutes les appellations <\/button><\/div>[\/vc_column][vc_column width=&#8221;1\/3&#8243; disable_custom_paddings_tablet=&#8221;true&#8221; disable_custom_paddings_mobile=&#8221;true&#8221; css=&#8221;.vc_custom_1587717931441{padding-right: 0px !important;padding-left: 80px !important;}&#8221;][\/vc_column][\/vc_row][vc_row][vc_column width=&#8221;2\/3&#8243;][vc_column_text]<\/p>\n<h2>Provence<\/h2>\n<p>[\/vc_column_text][vc_empty_space][vc_basic_grid post_type=&#8221;ids&#8221; element_width=&#8221;6&#8243; item=&#8221;1199&#8243; grid_id=&#8221;vc_gid:1591084948057-4dedbb2f-ec89-2&#8243; include=&#8221;2713, 2801&#8243;][vc_empty_space][\/vc_column][vc_column width=&#8221;1\/3&#8243; disable_custom_paddings_tablet=&#8221;true&#8221; disable_custom_paddings_mobile=&#8221;true&#8221; css=&#8221;.vc_custom_1587717931441{padding-right: 0px !important;padding-left: 80px !important;}&#8221;][\/vc_column][\/vc_row][vc_row][vc_column width=&#8221;1\/3&#8243; disable_custom_paddings_tablet=&#8221;true&#8221; disable_custom_paddings_mobile=&#8221;true&#8221; css=&#8221;.vc_custom_1587717931441{padding-right: 0px !important;padding-left: 80px !important;}&#8221;][\/vc_column][\/vc_row][vc_row][vc_column width=&#8221;2\/3&#8243;][vc_column_text]<\/p>\n<h2>Southwest<\/h2>\n<p>[\/vc_column_text][vc_empty_space][vc_basic_grid post_type=&#8221;ids&#8221; element_width=&#8221;6&#8243; item=&#8221;1199&#8243; grid_id=&#8221;vc_gid:1591084948058-decf9c91-55b5-8&#8243; include=&#8221;2434, 2444, 2479, 2484&#8243;][vc_empty_space]<div class='text-center'><div class='block_list_appellation'><ul><li><a href=https:\/\/www.vinispi.com\/en\/bergerac-southwestern-wine\/>Bergerac, Southwestern wine<\/a><\/li><li><a href=https:\/\/www.vinispi.com\/en\/cotes-de-bergerac-southwestern-wine\/>C\u00f4tes-de-Bergerac, Southwestern wine<\/a><\/li><li><a href=https:\/\/www.vinispi.com\/en\/fronton-southwestern-wine\/>Fronton, Southwestern wine<\/a><\/li><li><a href=https:\/\/www.vinispi.com\/en\/jurancon-late-harvest\/>Juran\u00e7on late harvest<\/a><\/li><li><a href=https:\/\/www.vinispi.com\/en\/monbazillac-white-wine-from-south-west-france\/>Monbazillac, White wine from South-West France<\/a><\/li><\/ul><ul><li><a href=https:\/\/www.vinispi.com\/en\/buzet-southwestern-wine\/>Buzet, Southwestern wine<\/a><\/li><li><a href=https:\/\/www.vinispi.com\/en\/cotes-de-duras-southwestern-wine\/>C\u00f4tes-de-Duras, Southwestern wine<\/a><\/li><li><a href=https:\/\/www.vinispi.com\/en\/gaillac-southwestern-wine\/>Gaillac, Southwestern wine<\/a><\/li><li><a href=https:\/\/www.vinispi.com\/en\/jurancon-white-wine-from-south-west-france\/>Juran\u00e7on, White wine from South-West France<\/a><\/li><li><a href=https:\/\/www.vinispi.com\/en\/pecharmant-southwestern-wine\/>P\u00e9charmant, Southwestern wine<\/a><\/li><\/ul><ul><li><a href=https:\/\/www.vinispi.com\/en\/cahors-southwestern-red-wine\/>Cahors, Southwestern red wine<\/a><\/li><li><a href=https:\/\/www.vinispi.com\/en\/cotes-de-gascogne-southwestern-wine\/>C\u00f4tes-de-Gascogne, Southwestern wine<\/a><\/li><li><a href=https:\/\/www.vinispi.com\/en\/irouleguy-southwestern-wine\/>Iroul\u00e9guy, Southwestern wine<\/a><\/li><li><a href=https:\/\/www.vinispi.com\/en\/madiran-southwestern-red-wine\/>Madiran, Southwestern red wine<\/a><\/li><li><a href=https:\/\/www.vinispi.com\/en\/the-madiran-grape-variety\/>The Madiran grape variety<\/a><\/li><\/ul><\/div><button class=button_list_appellation>Voir toutes les appellations <\/button><\/div>[\/vc_column][vc_column width=&#8221;1\/3&#8243; disable_custom_paddings_tablet=&#8221;true&#8221; disable_custom_paddings_mobile=&#8221;true&#8221; css=&#8221;.vc_custom_1587717931441{padding-right: 0px !important;padding-left: 80px !important;}&#8221;][\/vc_column][\/vc_row][vc_row][vc_column width=&#8221;2\/3&#8243;][vc_column_text]<\/p>\n<h2>Loire Valley<\/h2>\n<p>[\/vc_column_text][vc_empty_space][vc_basic_grid post_type=&#8221;ids&#8221; element_width=&#8221;6&#8243; item=&#8221;1199&#8243; grid_id=&#8221;vc_gid:1591084948060-bd4cb2a0-f962-6&#8243; include=&#8221;2612, 2636, 2678, 2647&#8243;][vc_empty_space]<div class='text-center'><div class='block_list_appellation'><ul><li><a href=https:\/\/www.vinispi.com\/en\/aoc-anjou-grape-varieties\/>AOC Anjou grape varieties<\/a><\/li><li><a href=https:\/\/www.vinispi.com\/en\/aoc-chinon-loire-wine\/>AOC Chinon, Loire wine<\/a><\/li><li><a href=https:\/\/www.vinispi.com\/en\/aoc-montlouis-sur-loire\/>AOC Montlouis-sur-Loire<\/a><\/li><li><a href=https:\/\/www.vinispi.com\/en\/muscadet-loire-white-wine\/>Muscadet, Loire white wine<\/a><\/li><li><a href=https:\/\/www.vinispi.com\/en\/pouilly-fume-the-2018-vintage\/>Pouilly-Fum\u00e9: the 2018 vintage<\/a><\/li><li><a href=https:\/\/www.vinispi.com\/en\/sweet-anjou-wines\/>Sweet Anjou wines<\/a><\/li><\/ul><ul><li><a href=https:\/\/www.vinispi.com\/en\/aoc-bourgueil-loire-wine\/>AOC Bourgueil, Loire Wine<\/a><\/li><li><a href=https:\/\/www.vinispi.com\/en\/aoc-cote-roannaise-vin-de-loire\/>AOC C\u00f4te-Roannaise, Vin de Loire<\/a><\/li><li><a href=https:\/\/www.vinispi.com\/en\/coteaux-du-layon-loire-white-wine\/>Coteaux-du-Layon, Loire white wine<\/a><\/li><li><a href=https:\/\/www.vinispi.com\/en\/pouilly-fume-pairings\/>Pouilly-Fum\u00e9 pairings<\/a><\/li><li><a href=https:\/\/www.vinispi.com\/en\/quincy-loire-wine\/>Quincy, Loire Wine<\/a><\/li><li><a href=https:\/\/www.vinispi.com\/en\/sweet-loire-wines\/>Sweet Loire wines<\/a><\/li><\/ul><ul><li><a href=https:\/\/www.vinispi.com\/en\/aoc-cheverny-vin-de-loire\/>AOC Cheverny, Vin de Loire<\/a><\/li><li><a href=https:\/\/www.vinispi.com\/en\/aoc-cremant-de-loire\/>AOC Cr\u00e9mant-de-Loire<\/a><\/li><li><a href=https:\/\/www.vinispi.com\/en\/menetou-salon-loire-wine\/>Menetou-Salon, Loire wine<\/a><\/li><li><a href=https:\/\/www.vinispi.com\/en\/pouilly-fume-loire-white-wine\/>Pouilly-Fum\u00e9, Loire white wine<\/a><\/li><li><a href=https:\/\/www.vinispi.com\/en\/red-wines-from-menetou-salon\/>Red wines from Menetou-Salon<\/a><\/li><\/ul><\/div><button class=button_list_appellation>Voir toutes les appellations <\/button><\/div>[\/vc_column][vc_column width=&#8221;1\/3&#8243; disable_custom_paddings_tablet=&#8221;true&#8221; disable_custom_paddings_mobile=&#8221;true&#8221; css=&#8221;.vc_custom_1587717931441{padding-right: 0px !important;padding-left: 80px !important;}&#8221;][\/vc_column][\/vc_row][vc_row][vc_column width=&#8221;2\/3&#8243;][vc_column_text]<\/p>\n<h2>Rh\u00f4ne Valley<\/h2>\n<p>[\/vc_column_text][vc_empty_space][vc_basic_grid post_type=&#8221;ids&#8221; element_width=&#8221;6&#8243; item=&#8221;1199&#8243; grid_id=&#8221;vc_gid:1591084948061-5857b0ef-aa50-3&#8243; include=&#8221;2410, 3560, 3565, 3515&#8243;][vc_empty_space]<div class='text-center'><div class='block_list_appellation'><ul><li><a href=https:\/\/www.vinispi.com\/en\/aoc-ardeche-rhone-wine\/>AOC Ard\u00e8che, Rh\u00f4ne wine<\/a><\/li><li><a href=https:\/\/www.vinispi.com\/en\/aoc-chateauneuf-du-pape\/>AOC Ch\u00e2teauneuf-du-Pape<\/a><\/li><li><a href=https:\/\/www.vinispi.com\/en\/aoc-ventoux-vin-du-rhone\/>AOC Ventoux, Vin du Rh\u00f4ne<\/a><\/li><li><a href=https:\/\/www.vinispi.com\/en\/vinsobres-rhone-red-wine\/>Vinsobres, Rh\u00f4ne red wine<\/a><\/li><\/ul><ul><li><a href=https:\/\/www.vinispi.com\/en\/aoc-beaumes-de-venise-rhone-wine\/>AOC Beaumes-de-Venise, Rh\u00f4ne wine<\/a><\/li><li><a href=https:\/\/www.vinispi.com\/en\/aoc-cornas-rhone-red-wine\/>AOC Cornas, Rh\u00f4ne red wine<\/a><\/li><li><a href=https:\/\/www.vinispi.com\/en\/chateauneuf-du-pape-2018\/>Ch\u00e2teauneuf-du-Pape 2018<\/a><\/li><\/ul><ul><li><a href=https:\/\/www.vinispi.com\/en\/aoc-cairanne-rhone-red-wine\/>AOC Cairanne, Rh\u00f4ne red wine<\/a><\/li><li><a href=https:\/\/www.vinispi.com\/en\/aoc-costieres-de-nimes\/>AOC Costi\u00e8res-de-N\u00eemes<\/a><\/li><li><a href=https:\/\/www.vinispi.com\/en\/crozes-hermitage-red-wines\/>Crozes-Hermitage red wines<\/a><\/li><\/ul><\/div><button class=button_list_appellation>Voir toutes les appellations <\/button><\/div>[vc_empty_space]<div class='shortcode-x-offerts'><div class='shortcode-x-offers-block'><strong>10 \u20ac offerts sur votre premi\u00e8re commande !<\/strong><div>Achetez vos vins en vente priv\u00e9e sur Twil. Inscrivez-vous gratuitement \u00e0 la newsletter pour \u00eatre inform\u00e9s en avant-premi\u00e8re.<\/div><\/div><div class='shortcode-x-offers-form'><img src='https:\/\/www.vinispi.com\/wp-content\/uploads\/2020\/04\/logo_twil.svg' alt='logo twil'><form class=\"submit-newsletter-partner\" ><div class=\"newsletter-partner-msg\"><\/div><div class=\"loader-comment\" style=\"margin:0 auto; display:none;\"><\/div><input type=\"email\" autocapitalize=\"off\" autocorrect=\"off\" spellcheck=\"false\" name=\"email\" placeholder=\"Votre adresse email\"><input class='' type=\"hidden\" name=\"mkt-source\" value=\"inscription-OF\"><button class=\"comments-load-button\">Je m'inscris<\/button><\/form><\/div><\/div>[\/vc_column][vc_column width=&#8221;1\/3&#8243; disable_custom_paddings_tablet=&#8221;true&#8221; disable_custom_paddings_mobile=&#8221;true&#8221; css=&#8221;.vc_custom_1587717944704{padding-right: 0px !important;padding-left: 80px !important;}&#8221;][\/vc_column][\/vc_row]<\/p>\n<\/div>","protected":false},"excerpt":{"rendered":"<p>[vc_row][vc_column width=&#8221;2\/3&#8243;][vc_column_text]In this guide, you&#8217;ll find a detailed description of all the appellations, classified by region. For each appellation, you&#8217;ll&#8230;<\/p>\n","protected":false},"author":1,"featured_media":0,"parent":0,"menu_order":0,"comment_status":"closed","ping_status":"closed","template":"","meta":{"footnotes":""},"_links":{"self":[{"href":"https:\/\/www.vinispi.com\/en\/wp-json\/wp\/v2\/pages\/18793"}],"collection":[{"href":"https:\/\/www.vinispi.com\/en\/wp-json\/wp\/v2\/pages"}],"about":[{"href":"https:\/\/www.vinispi.com\/en\/wp-json\/wp\/v2\/types\/page"}],"author":[{"embeddable":true,"href":"https:\/\/www.vinispi.com\/en\/wp-json\/wp\/v2\/users\/1"}],"replies":[{"embeddable":true,"href":"https:\/\/www.vinispi.com\/en\/wp-json\/wp\/v2\/comments?post=18793"}],"version-history":[{"count":2,"href":"https:\/\/www.vinispi.com\/en\/wp-json\/wp\/v2\/pages\/18793\/revisions"}],"predecessor-version":[{"id":18795,"href":"https:\/\/www.vinispi.com\/en\/wp-json\/wp\/v2\/pages\/18793\/revisions\/18795"}],"wp:attachment":[{"href":"https:\/\/www.vinispi.com\/en\/wp-json\/wp\/v2\/media?parent=18793"}],"curies":[{"name":"wp","href":"https:\/\/api.w.org\/{rel}","templated":true}]}}