{"id":18790,"date":"2020-04-03T15:30:38","date_gmt":"2020-04-03T14:30:38","guid":{"rendered":"https:\/\/www.vinispi.com\/grape-varieties\/"},"modified":"2024-04-08T14:48:42","modified_gmt":"2024-04-08T13:48:42","slug":"grape-varieties","status":"publish","type":"page","link":"https:\/\/www.vinispi.com\/en\/grape-varieties\/","title":{"rendered":"Grape varieties"},"content":{"rendered":"<div class=\"wpb-content-wrapper\"><p>[vc_row][vc_column width=&#8221;2\/3&#8243;][vc_column_text]In this guide, you&#8217;ll find a detailed description of all the grape varieties. For each grape variety, you&#8217;ll find a list of the wines rated highest by the Twil community. It is organized into two parts: grape varieties for red wine and grape varieties for white wine.<\/p>\n<p>Note, however, that it is not illogical for some red grapes to be used for white wine. Indeed, the color of wine depends on how it is produced. If the skins of red grapes are left to macerate in the juice, the wine is colored, but if this is not done, some red grapes can give white wines! This is the production method used for ros\u00e9 wines, which you won&#8217;t find in this classification.[\/vc_column_text][vc_empty_space height=&#8221;16px&#8221;][vc_column_text]<\/p>\n<h2>Red wine grape varieties<\/h2>\n<p>[\/vc_column_text][vc_basic_grid post_type=&#8221;ids&#8221; element_width=&#8221;6&#8243; item=&#8221;1199&#8243; grid_id=&#8221;vc_gid:1611591033153-fbb83f8f-1953-8&#8243; css=&#8221;.vc_custom_1611590742614{margin-bottom: 30px !important;}&#8221; include=&#8221;3199, 3218, 3261, 3233, 3191, 3223&#8243;][vc_empty_space][vc_empty_space][vc_basic_grid post_type=&#8221;ids&#8221; element_width=&#8221;6&#8243; item=&#8221;1199&#8243; grid_id=&#8221;vc_gid:1611591033154-5a1a065b-c89c-10&#8243; include=&#8221;3218, 3266, 3271, 3286, 3186&#8243;][vc_empty_space][\/vc_column][vc_column width=&#8221;1\/3&#8243; disable_custom_paddings_tablet=&#8221;true&#8221; disable_custom_paddings_mobile=&#8221;true&#8221; css=&#8221;.vc_custom_1587717665760{padding-right: 0px !important;padding-left: 80px !important;}&#8221;]            <div id=\"shortcode_index_title\">\n                <div id=\"shortcode_index_titles\" style=\"display:none\">\n                <\/div>\n            <\/div>[vc_empty_space][vc_empty_space]<div class=\"best_offers_js\" data-cepage=\"\" data-magentoid=\"\" data-title=\"Meilleurs vins : Grape varieties\" data-type=\"region\" data-limit=\"2\" data-id=\"5\" data-display=\"vertical\"><\/div>[vc_empty_space][vc_empty_space][vc_column_text]<\/p>\n<div class=\"title-h5\">Vineyard map of France<\/div>\n<p>[\/vc_column_text][vc_empty_space]<a style='position: relative;' class=\"image-popup-vertical-fit\" href='https:\/\/www.vinispi.com\/wp-content\/uploads\/2020\/04\/carte-grand-format-detaillee.jpg' title=\"Carte des vignobles de France\">\n                <img src='https:\/\/www.vinispi.com\/wp-content\/uploads\/2020\/04\/carte-petit-format-apercu.jpg' width=\"300\" height=\"300\"><div class='button-zoom'>+<\/div>\n                <\/a>[\/vc_column][\/vc_row][vc_row][vc_column width=&#8221;2\/3&#8243;][vc_column_text]<\/p>\n<h2>White wine grape varieties<\/h2>\n<p>[\/vc_column_text][vc_basic_grid post_type=&#8221;ids&#8221; element_width=&#8221;6&#8243; item=&#8221;1199&#8243; grid_id=&#8221;vc_gid:1611591033158-e91a7de0-1449-2&#8243; css=&#8221;.vc_custom_1611590851962{margin-bottom: 30px !important;}&#8221; include=&#8221;3208, 3213, 3277, 3301&#8243;][vc_empty_space][vc_empty_space][vc_basic_grid post_type=&#8221;ids&#8221; element_width=&#8221;6&#8243; item=&#8221;1199&#8243; grid_id=&#8221;vc_gid:1611591033159-e7511148-cc90-8&#8243; include=&#8221;3175, 3243, 3319, 3314, 3308&#8243;][vc_empty_space]<div class='shortcode-x-offerts'><div class='shortcode-x-offers-block'><strong>10 \u20ac offerts sur votre premi\u00e8re commande !<\/strong><div>Achetez vos vins en vente priv\u00e9e sur Twil. Inscrivez-vous gratuitement \u00e0 la newsletter pour \u00eatre inform\u00e9s en avant-premi\u00e8re.<\/div><\/div><div class='shortcode-x-offers-form'><img src='https:\/\/www.vinispi.com\/wp-content\/uploads\/2020\/04\/logo_twil.svg' alt='logo twil'><form class=\"submit-newsletter-partner\" ><div class=\"newsletter-partner-msg\"><\/div><div class=\"loader-comment\" style=\"margin:0 auto; display:none;\"><\/div><input type=\"email\" autocapitalize=\"off\" autocorrect=\"off\" spellcheck=\"false\" name=\"email\" placeholder=\"Votre adresse email\"><input class='' type=\"hidden\" name=\"mkt-source\" value=\"inscription-OF\"><button class=\"comments-load-button\">Je m'inscris<\/button><\/form><\/div><\/div>[\/vc_column][vc_column width=&#8221;1\/3&#8243; disable_custom_paddings_tablet=&#8221;true&#8221; disable_custom_paddings_mobile=&#8221;true&#8221; css=&#8221;.vc_custom_1587717684593{padding-right: 0px !important;padding-left: 80px !important;}&#8221;][vc_empty_space]<div class=\"best_offers_js\" data-cepage=\"\" data-magentoid=\"\" data-title=\"Meilleurs vins : Grape varieties\" data-type=\"region\" data-limit=\"2\" data-id=\"5\" data-display=\"vertical\"><\/div>[vc_empty_space][\/vc_column][\/vc_row][vc_row][vc_column][\/vc_column][\/vc_row]<\/p>\n<\/div>","protected":false},"excerpt":{"rendered":"<p>[vc_row][vc_column width=&#8221;2\/3&#8243;][vc_column_text]In this guide, you&#8217;ll find a detailed description of all the grape varieties. For each grape variety, you&#8217;ll find&#8230;<\/p>\n","protected":false},"author":1,"featured_media":0,"parent":0,"menu_order":0,"comment_status":"closed","ping_status":"closed","template":"","meta":{"footnotes":""},"_links":{"self":[{"href":"https:\/\/www.vinispi.com\/en\/wp-json\/wp\/v2\/pages\/18790"}],"collection":[{"href":"https:\/\/www.vinispi.com\/en\/wp-json\/wp\/v2\/pages"}],"about":[{"href":"https:\/\/www.vinispi.com\/en\/wp-json\/wp\/v2\/types\/page"}],"author":[{"embeddable":true,"href":"https:\/\/www.vinispi.com\/en\/wp-json\/wp\/v2\/users\/1"}],"replies":[{"embeddable":true,"href":"https:\/\/www.vinispi.com\/en\/wp-json\/wp\/v2\/comments?post=18790"}],"version-history":[{"count":2,"href":"https:\/\/www.vinispi.com\/en\/wp-json\/wp\/v2\/pages\/18790\/revisions"}],"predecessor-version":[{"id":18792,"href":"https:\/\/www.vinispi.com\/en\/wp-json\/wp\/v2\/pages\/18790\/revisions\/18792"}],"wp:attachment":[{"href":"https:\/\/www.vinispi.com\/en\/wp-json\/wp\/v2\/media?parent=18790"}],"curies":[{"name":"wp","href":"https:\/\/api.w.org\/{rel}","templated":true}]}}