{"id":18780,"date":"2020-04-02T17:24:43","date_gmt":"2020-04-02T16:24:43","guid":{"rendered":"https:\/\/www.vinispi.com\/home\/"},"modified":"2024-04-08T14:49:56","modified_gmt":"2024-04-08T13:49:56","slug":"home","status":"publish","type":"page","link":"https:\/\/www.vinispi.com\/en\/","title":{"rendered":"Home"},"content":{"rendered":"<div class=\"wpb-content-wrapper\"><p>[vc_row][vc_column width=&#8221;2\/3&#8243;][vc_column_text css=&#8221;.vc_custom_1708511019502{margin-bottom: 0px !important;}&#8221;]<\/p>\n<h1 style=\"font-size: xx-large;\">The Wine &amp; Spirit Magazine<\/h1>\n<p>[\/vc_column_text][vc_column_text]<\/p>\n<h2 class=\"title-h6\">Wine guide, Winegrowers&#8217; news<\/h2>\n<p>[\/vc_column_text][vc_basic_grid post_type=&#8221;post&#8221; max_items=&#8221;1&#8243; element_width=&#8221;12&#8243; item=&#8221;1684&#8243; grid_id=&#8221;vc_gid:1708510953082-776f7aaa-8be4-0&#8243;][vc_empty_space height=&#8221;25px&#8221;][vc_basic_grid post_type=&#8221;post&#8221; max_items=&#8221;4&#8243; element_width=&#8221;6&#8243; gap=&#8221;35&#8243; item=&#8221;1252&#8243; grid_id=&#8221;vc_gid:1708510953083-49f9195f-9dfc-3&#8243; offset=&#8221;1&#8243;][\/vc_column][vc_column width=&#8221;1\/3&#8243; disable_custom_paddings_tablet=&#8221;true&#8221; disable_custom_paddings_mobile=&#8221;true&#8221; offset=&#8221;vc_col-lg-offset-0&#8243; css=&#8221;.vc_custom_1587716928528{padding-right: 0px !important;padding-left: 80px !important;}&#8221;][vc_empty_space][vc_column_text]<\/p>\n<div class=\"title-h5\">Vineyard map of France<\/div>\n<p>[\/vc_column_text]<a style='position: relative;' class=\"image-popup-vertical-fit\" href='https:\/\/www.vinispi.com\/wp-content\/uploads\/2020\/04\/carte-grand-format-detaillee.jpg' title=\"Carte des vignobles de France\">\n                <img src='https:\/\/www.vinispi.com\/wp-content\/uploads\/2020\/04\/carte-petit-format-apercu.jpg' width=\"300\" height=\"300\"><div class='button-zoom'>+<\/div>\n                <\/a>[\/vc_column][\/vc_row][vc_row][vc_column][\/vc_column][\/vc_row][vc_row][vc_column][vc_empty_space][\/vc_column][\/vc_row][vc_row][vc_column width=&#8221;2\/3&#8243;][vc_basic_grid post_type=&#8221;post&#8221; max_items=&#8221;4&#8243; element_width=&#8221;6&#8243; gap=&#8221;35&#8243; item=&#8221;1252&#8243; grid_id=&#8221;vc_gid:1708510953085-98894f0d-4f02-3&#8243; offset=&#8221;5&#8243;][vc_raw_html]PGRpdiBjbGFzcz0idGV4dC1jZW50ZXIiPjxhIGNsYXNzPSJidXR0b25fbGluayIgaHJlZj0iaHR0cHM6Ly92aW4tY2hhbXBhZ25lLm91ZXN0LWZyYW5jZS5mci9tYWdhemluZS8iPlNlZSBtb3JlIGFydGljbGVzPC9hPjwvZGl2Pg==[\/vc_raw_html][\/vc_column][\/vc_row][vc_row][vc_column][vc_empty_space][\/vc_column][\/vc_row][vc_row][vc_column width=&#8221;5\/6&#8243;][vc_column_text]<\/p>\n<h2 class=\"title-h2\">Wine-growing regions of France<\/h2>\n<p>[\/vc_column_text][\/vc_column][vc_column width=&#8221;1\/6&#8243;][vc_raw_html]PGEgY2xhc3M9ImJ1dHRvbl9saW5rIGhpZGRlbi14cyIgaHJlZj0iaHR0cHM6Ly92aW4tY2hhbXBhZ25lLm91ZXN0LWZyYW5jZS5mci9yZWdpb25zLyI+QWxsIHJlZ2lvbnM8L2E+[\/vc_raw_html][\/vc_column][\/vc_row][vc_row][vc_column][vc_basic_grid post_type=&#8221;ids&#8221; item=&#8221;1199&#8243; grid_id=&#8221;vc_gid:1708510953087-ecfede97-667d-1&#8243; include=&#8221;2836, 2843, 2853, 3159, 2896, 3107&#8243;][vc_empty_space][vc_raw_html]PGRpdiBjbGFzcz0idGV4dC1jZW50ZXIiPjxhIGNsYXNzPSJidXR0b25fbGluayB2aXNpYmxlLXhzIiBocmVmPSJodHRwczovL3Zpbi1jaGFtcGFnbmUub3Vlc3QtZnJhbmNlLmZyL3JlZ2lvbnMvIj5BbGwgcmVnaW9uczwvYT48L2Rpdj4=[\/vc_raw_html][\/vc_column][\/vc_row][vc_row][vc_column width=&#8221;2\/3&#8243;]<div class=\"best_offers_js\" data-cepage=\"\" data-magentoid=\"4657\" data-title=\"The best Rh\u00f4ne Valley wines\" data-type=\"region\" data-limit=\"2\" data-id=\"17\" data-display=\"horizontal\"><\/div>[vc_empty_space]<div class=\"best_offers_js\" data-cepage=\"\" data-magentoid=\"3100\" data-title=\"The best champagnes of the moment\" data-type=\"region\" data-limit=\"2\" data-id=\"6\" data-display=\"horizontal\"><\/div>[vc_empty_space][\/vc_column][vc_column width=&#8221;1\/3&#8243; disable_custom_paddings_tablet=&#8221;true&#8221; disable_custom_paddings_mobile=&#8221;true&#8221; css=&#8221;.vc_custom_1587716943830{padding-right: 0px !important;padding-left: 80px !important;}&#8221;][\/vc_column][\/vc_row][vc_row][vc_column width=&#8221;5\/6&#8243;][vc_column_text]<\/p>\n<h2 class=\"title-h2\">Appellations de France<\/h2>\n<p>[\/vc_column_text][\/vc_column][vc_column width=&#8221;1\/6&#8243;][\/vc_column][\/vc_row][vc_row][vc_column][vc_basic_grid post_type=&#8221;ids&#8221; item=&#8221;1199&#8243; grid_id=&#8221;vc_gid:1708510953090-7e7cca9f-e545-9&#8243; include=&#8221;2579, 3515, 2687, 3413, 2806, 2330&#8243;][vc_empty_space][\/vc_column][\/vc_row][vc_row][vc_column width=&#8221;2\/3&#8243;]<div class=\"best_offers_js\" data-cepage=\"\" data-magentoid=\"4661\" data-title=\"The best C\u00f4te-Rotie wines\" data-type=\"appellation\" data-limit=\"2\" data-id=\"536\" data-display=\"horizontal\"><\/div>[vc_empty_space]<div class=\"best_offers_js\" data-cepage=\"\" data-magentoid=\"2461\" data-title=\"The Top of Chablis\" data-type=\"appellation\" data-limit=\"2\" data-id=\"118\" data-display=\"horizontal\"><\/div>[\/vc_column][vc_column width=&#8221;1\/3&#8243; disable_custom_paddings_tablet=&#8221;true&#8221; disable_custom_paddings_mobile=&#8221;true&#8221; css=&#8221;.vc_custom_1587716952432{padding-right: 0px !important;padding-left: 80px !important;}&#8221;][\/vc_column][\/vc_row][vc_row][vc_column][vc_empty_space][\/vc_column][\/vc_row][vc_row][vc_column][\/vc_column][\/vc_row][vc_row][vc_column][\/vc_column][\/vc_row][vc_row][vc_column][vc_empty_space][\/vc_column][\/vc_row][vc_row][vc_column width=&#8221;5\/6&#8243;][vc_column_text]<\/p>\n<h2 class=\"title-h2\">French grape varieties<\/h2>\n<p>[\/vc_column_text][\/vc_column][vc_column width=&#8221;1\/6&#8243;][\/vc_column][\/vc_row][vc_row][vc_column][vc_basic_grid post_type=&#8221;ids&#8221; item=&#8221;1199&#8243; grid_id=&#8221;vc_gid:1708510953094-0412602c-384a-4&#8243; include=&#8221;3186, 3191, 3208, 3261, 3282, 3319&#8243;][vc_row_inner][vc_column_inner][\/vc_column_inner][\/vc_row_inner][\/vc_column][\/vc_row][vc_row][vc_column width=&#8221;2\/3&#8243;]<div class=\"best_offers_js\" data-cepage=\"\" data-magentoid=\"673\" data-title=\"The best wines in Alsace\" data-type=\"region\" data-limit=\"2\" data-id=\"1\" data-display=\"horizontal\"><\/div>[vc_empty_space]<div class=\"best_offers_js\" data-cepage=\"\" data-magentoid=\"1080\" data-title=\"The best Bordeaux wines\" data-type=\"region\" data-limit=\"2\" data-id=\"4\" data-display=\"horizontal\"><\/div>[\/vc_column][vc_column width=&#8221;1\/3&#8243; disable_custom_paddings_tablet=&#8221;true&#8221; disable_custom_paddings_mobile=&#8221;true&#8221; css=&#8221;.vc_custom_1587716967553{padding-right: 0px !important;padding-left: 80px !important;}&#8221;][\/vc_column][\/vc_row][vc_row][vc_column]<div class='shortcode-x-offerts'><div class='bouteilles'><img src='https:\/\/www.vinispi.com\/wp-content\/uploads\/2020\/04\/bouteilles.svg' alt='bouteilles'><\/div><div class='shortcode-x-offers-block'><strong>10 \u20ac offerts sur votre premi\u00e8re commande !<\/strong><div>Achetez vos vins en vente priv\u00e9e sur Twil. Inscrivez-vous gratuitement \u00e0 la newsletter pour \u00eatre inform\u00e9s en avant-premi\u00e8re.<\/div><\/div><div class='shortcode-x-offers-form'><img src='https:\/\/www.vinispi.com\/wp-content\/uploads\/2020\/04\/logo_twil.svg' alt='logo twil'><form class=\"submit-newsletter-partner\" ><div class=\"newsletter-partner-msg\"><\/div><div class=\"loader-comment\" style=\"margin:0 auto; display:none;\"><\/div><input type=\"email\" autocapitalize=\"off\" autocorrect=\"off\" spellcheck=\"false\" name=\"email\" placeholder=\"Votre adresse email\"><input class='' type=\"hidden\" name=\"mkt-source\" value=\"inscription-OF\"><button class=\"comments-load-button\">Je m'inscris<\/button><\/form><\/div><\/div>[\/vc_column][\/vc_row]<\/p>\n<\/div>","protected":false},"excerpt":{"rendered":"<p>[vc_row][vc_column width=&#8221;2\/3&#8243;][vc_column_text css=&#8221;.vc_custom_1708511019502{margin-bottom: 0px !important;}&#8221;] The Wine &amp; Spirit Magazine [\/vc_column_text][vc_column_text] Wine guide, Winegrowers&#8217; news [\/vc_column_text][vc_basic_grid post_type=&#8221;post&#8221; max_items=&#8221;1&#8243; element_width=&#8221;12&#8243; item=&#8221;1684&#8243;&#8230;<\/p>\n","protected":false},"author":1,"featured_media":0,"parent":0,"menu_order":0,"comment_status":"closed","ping_status":"closed","template":"","meta":{"footnotes":""},"_links":{"self":[{"href":"https:\/\/www.vinispi.com\/en\/wp-json\/wp\/v2\/pages\/18780"}],"collection":[{"href":"https:\/\/www.vinispi.com\/en\/wp-json\/wp\/v2\/pages"}],"about":[{"href":"https:\/\/www.vinispi.com\/en\/wp-json\/wp\/v2\/types\/page"}],"author":[{"embeddable":true,"href":"https:\/\/www.vinispi.com\/en\/wp-json\/wp\/v2\/users\/1"}],"replies":[{"embeddable":true,"href":"https:\/\/www.vinispi.com\/en\/wp-json\/wp\/v2\/comments?post=18780"}],"version-history":[{"count":5,"href":"https:\/\/www.vinispi.com\/en\/wp-json\/wp\/v2\/pages\/18780\/revisions"}],"predecessor-version":[{"id":18801,"href":"https:\/\/www.vinispi.com\/en\/wp-json\/wp\/v2\/pages\/18780\/revisions\/18801"}],"wp:attachment":[{"href":"https:\/\/www.vinispi.com\/en\/wp-json\/wp\/v2\/media?parent=18780"}],"curies":[{"name":"wp","href":"https:\/\/api.w.org\/{rel}","templated":true}]}}